{"id":2,"date":"2012-10-17T12:52:03","date_gmt":"2012-10-17T12:52:03","guid":{"rendered":"http:\/\/antigo.metalurgicafilipin.com.br\/novo\/?page_id=2"},"modified":"2012-11-06T10:24:43","modified_gmt":"2012-11-06T13:24:43","slug":"pagina-exemplo","status":"publish","type":"page","link":"https:\/\/antigo.metalurgicafilipin.com.br\/?page_id=2","title":{"rendered":"Empresa"},"content":{"rendered":"<p>Localizada na cidade de Guarapuava-Paran\u00e1, a Metal\u00fargica Filipin iniciou suas atividades em 1996. No in\u00edcio fabricava esquadrias de ferro e serralheria em geral.<\/p>\n<p>Em 1997 come\u00e7ou fabricar estruturas met\u00e1licas para coberturas, mezaninos, torres, barrac\u00f5es, entre outras. Com o passar do tempo, foi adquirindo experi\u00eancia, conquistando o mercado e ganhando credibilidade. Com seu reconhecimento no ramo de estruturas met\u00e1licas e percebendo uma nova oportunidade de amplia\u00e7\u00e3o dos seus neg\u00f3cios, a empresa partiu para o setor de pr\u00e9-moldados.<\/p>\n<p>No ano de 2009, investiu consideravelmente na constru\u00e7\u00e3o da nova sede, novas m\u00e1quinas e equipamentos, aliados a mais alta tecnologia no mercado para poder oferecer produtos e servi\u00e7os de qualidade.<\/p>\n<p>Com atendimento diferenciado, profissionais experientes e capacitados, a empresa trilha um caminho transparente e de crescimento s\u00f3lido. Nossa conquista est\u00e1 em cada processo, cada neg\u00f3cio, nos cuidados com o ambiente de trabalho, nas parcerias que constru\u00edmos e em cada cliente satisfeito. Um sucesso constru\u00eddo passo a passo, com nossos clientes, fornecedores e colaboradores.<\/p>\n","protected":false},"excerpt":{"rendered":"<p>Localizada na cidade de Guarapuava-Paran\u00e1, a Metal\u00fargica Filipin iniciou suas atividades em 1996. No in\u00edcio fabricava esquadrias de ferro e serralheria em geral. Em 1997 come\u00e7ou fabricar estruturas met\u00e1licas para coberturas, mezaninos, torres, barrac\u00f5es, entre outras. Com o passar do tempo, foi adquirindo experi\u00eancia, conquistando o mercado e ganhando credibilidade. Com seu reconhecimento no ramo [&hellip;]<\/p>\n","protected":false},"author":1,"featured_media":0,"parent":0,"menu_order":0,"comment_status":"open","ping_status":"open","template":"","meta":[],"_links":{"self":[{"href":"https:\/\/antigo.metalurgicafilipin.com.br\/index.php?rest_route=\/wp\/v2\/pages\/2"}],"collection":[{"href":"https:\/\/antigo.metalurgicafilipin.com.br\/index.php?rest_route=\/wp\/v2\/pages"}],"about":[{"href":"https:\/\/antigo.metalurgicafilipin.com.br\/index.php?rest_route=\/wp\/v2\/types\/page"}],"author":[{"embeddable":true,"href":"https:\/\/antigo.metalurgicafilipin.com.br\/index.php?rest_route=\/wp\/v2\/users\/1"}],"replies":[{"embeddable":true,"href":"https:\/\/antigo.metalurgicafilipin.com.br\/index.php?rest_route=%2Fwp%2Fv2%2Fcomments&post=2"}],"version-history":[{"count":3,"href":"https:\/\/antigo.metalurgicafilipin.com.br\/index.php?rest_route=\/wp\/v2\/pages\/2\/revisions"}],"predecessor-version":[{"id":44,"href":"https:\/\/antigo.metalurgicafilipin.com.br\/index.php?rest_route=\/wp\/v2\/pages\/2\/revisions\/44"}],"wp:attachment":[{"href":"https:\/\/antigo.metalurgicafilipin.com.br\/index.php?rest_route=%2Fwp%2Fv2%2Fmedia&parent=2"}],"curies":[{"name":"wp","href":"https:\/\/api.w.org\/{rel}","templated":true}]}}