{"id":26,"date":"2012-10-24T10:10:58","date_gmt":"2012-10-24T13:10:58","guid":{"rendered":"http:\/\/antigo.metalurgicafilipin.com.br\/novo\/?page_id=26"},"modified":"2012-12-11T09:01:27","modified_gmt":"2012-12-11T12:01:27","slug":"lages","status":"publish","type":"page","link":"https:\/\/antigo.metalurgicafilipin.com.br\/?page_id=26","title":{"rendered":"Lages"},"content":{"rendered":"<p>Com grandes v\u00e3os, proporcionam flexibilidade na concep\u00e7\u00e3o de projetos arquitet\u00f4nicos aliada a rapidez de montagem. N\u00e3o necessitam de escoramentos e possuem acabamento, pois a face inferior n\u00e3o precisa tratamento. Facilitando a montagem com redu\u00e7\u00e3o de prazos e custos da obra.<\/p>\n<p>[singlepic id=15 w=352]<\/p>\n<p>[nggallery id=4]<\/p>\n","protected":false},"excerpt":{"rendered":"<p>Com grandes v\u00e3os, proporcionam flexibilidade na concep\u00e7\u00e3o de projetos arquitet\u00f4nicos aliada a rapidez de montagem. N\u00e3o necessitam de escoramentos e possuem acabamento, pois a face inferior n\u00e3o precisa tratamento. Facilitando a montagem com redu\u00e7\u00e3o de prazos e custos da obra. [singlepic id=15 w=352] [nggallery id=4]<\/p>\n","protected":false},"author":1,"featured_media":0,"parent":0,"menu_order":0,"comment_status":"open","ping_status":"open","template":"","meta":[],"_links":{"self":[{"href":"https:\/\/antigo.metalurgicafilipin.com.br\/index.php?rest_route=\/wp\/v2\/pages\/26"}],"collection":[{"href":"https:\/\/antigo.metalurgicafilipin.com.br\/index.php?rest_route=\/wp\/v2\/pages"}],"about":[{"href":"https:\/\/antigo.metalurgicafilipin.com.br\/index.php?rest_route=\/wp\/v2\/types\/page"}],"author":[{"embeddable":true,"href":"https:\/\/antigo.metalurgicafilipin.com.br\/index.php?rest_route=\/wp\/v2\/users\/1"}],"replies":[{"embeddable":true,"href":"https:\/\/antigo.metalurgicafilipin.com.br\/index.php?rest_route=%2Fwp%2Fv2%2Fcomments&post=26"}],"version-history":[{"count":5,"href":"https:\/\/antigo.metalurgicafilipin.com.br\/index.php?rest_route=\/wp\/v2\/pages\/26\/revisions"}],"predecessor-version":[{"id":114,"href":"https:\/\/antigo.metalurgicafilipin.com.br\/index.php?rest_route=\/wp\/v2\/pages\/26\/revisions\/114"}],"wp:attachment":[{"href":"https:\/\/antigo.metalurgicafilipin.com.br\/index.php?rest_route=%2Fwp%2Fv2%2Fmedia&parent=26"}],"curies":[{"name":"wp","href":"https:\/\/api.w.org\/{rel}","templated":true}]}}