{"id":28,"date":"2012-10-24T10:11:18","date_gmt":"2012-10-24T13:11:18","guid":{"rendered":"http:\/\/antigo.metalurgicafilipin.com.br\/novo\/?page_id=28"},"modified":"2012-12-11T09:02:06","modified_gmt":"2012-12-11T12:02:06","slug":"estruturas-metalicas","status":"publish","type":"page","link":"https:\/\/antigo.metalurgicafilipin.com.br\/?page_id=28","title":{"rendered":"Estruturas Met\u00e1licas"},"content":{"rendered":"<p>As Estruturas Met\u00e1licas s\u00e3o indicadas para pequenas, m\u00e9dias e grandes obras. Compat\u00edvel com qualquer tipo de processo construtivo, do convencional ao ousado, possibilitando total liberdade nos projetos.<\/p>\n<p>Pode-se utilizar para acabamento da cobertura:<\/p>\n<p>LANTERNIM: detalhe com fun\u00e7\u00e3o de ventila\u00e7\u00e3o<\/p>\n<p>MULTIDOBRAS: op\u00e7\u00e3o para fechamento sem utiliza\u00e7\u00e3o de calhas.<\/p>\n<p>[singlepic id=18 w=352]<\/p>\n<p>[nggallery id=5]<\/p>\n","protected":false},"excerpt":{"rendered":"<p>As Estruturas Met\u00e1licas s\u00e3o indicadas para pequenas, m\u00e9dias e grandes obras. Compat\u00edvel com qualquer tipo de processo construtivo, do convencional ao ousado, possibilitando total liberdade nos projetos. Pode-se utilizar para acabamento da cobertura: LANTERNIM: detalhe com fun\u00e7\u00e3o de ventila\u00e7\u00e3o MULTIDOBRAS: op\u00e7\u00e3o para fechamento sem utiliza\u00e7\u00e3o de calhas. [singlepic id=18 w=352] [nggallery id=5]<\/p>\n","protected":false},"author":1,"featured_media":0,"parent":0,"menu_order":0,"comment_status":"open","ping_status":"open","template":"","meta":[],"_links":{"self":[{"href":"https:\/\/antigo.metalurgicafilipin.com.br\/index.php?rest_route=\/wp\/v2\/pages\/28"}],"collection":[{"href":"https:\/\/antigo.metalurgicafilipin.com.br\/index.php?rest_route=\/wp\/v2\/pages"}],"about":[{"href":"https:\/\/antigo.metalurgicafilipin.com.br\/index.php?rest_route=\/wp\/v2\/types\/page"}],"author":[{"embeddable":true,"href":"https:\/\/antigo.metalurgicafilipin.com.br\/index.php?rest_route=\/wp\/v2\/users\/1"}],"replies":[{"embeddable":true,"href":"https:\/\/antigo.metalurgicafilipin.com.br\/index.php?rest_route=%2Fwp%2Fv2%2Fcomments&post=28"}],"version-history":[{"count":5,"href":"https:\/\/antigo.metalurgicafilipin.com.br\/index.php?rest_route=\/wp\/v2\/pages\/28\/revisions"}],"predecessor-version":[{"id":115,"href":"https:\/\/antigo.metalurgicafilipin.com.br\/index.php?rest_route=\/wp\/v2\/pages\/28\/revisions\/115"}],"wp:attachment":[{"href":"https:\/\/antigo.metalurgicafilipin.com.br\/index.php?rest_route=%2Fwp%2Fv2%2Fmedia&parent=28"}],"curies":[{"name":"wp","href":"https:\/\/api.w.org\/{rel}","templated":true}]}}