{"id":30,"date":"2012-10-24T10:11:40","date_gmt":"2012-10-24T13:11:40","guid":{"rendered":"http:\/\/antigo.metalurgicafilipin.com.br\/novo\/?page_id=30"},"modified":"2012-12-11T09:02:41","modified_gmt":"2012-12-11T12:02:41","slug":"fechamento-metalico","status":"publish","type":"page","link":"https:\/\/antigo.metalurgicafilipin.com.br\/?page_id=30","title":{"rendered":"Fechamento Met\u00e1lico"},"content":{"rendered":"<p>Estrutura met\u00e1lica com fechamentos em telha aluzinc natural, pintada ou termoac\u00fasticas. Mais leve, r\u00e1pido de instalar e \u00f3timo acabamento.<\/p>\n<p>[singlepic id=27 w=352]<\/p>\n<p>[nggallery id=6]<\/p>\n","protected":false},"excerpt":{"rendered":"<p>Estrutura met\u00e1lica com fechamentos em telha aluzinc natural, pintada ou termoac\u00fasticas. Mais leve, r\u00e1pido de instalar e \u00f3timo acabamento. [singlepic id=27 w=352] [nggallery id=6]<\/p>\n","protected":false},"author":1,"featured_media":0,"parent":0,"menu_order":0,"comment_status":"open","ping_status":"open","template":"","meta":[],"_links":{"self":[{"href":"https:\/\/antigo.metalurgicafilipin.com.br\/index.php?rest_route=\/wp\/v2\/pages\/30"}],"collection":[{"href":"https:\/\/antigo.metalurgicafilipin.com.br\/index.php?rest_route=\/wp\/v2\/pages"}],"about":[{"href":"https:\/\/antigo.metalurgicafilipin.com.br\/index.php?rest_route=\/wp\/v2\/types\/page"}],"author":[{"embeddable":true,"href":"https:\/\/antigo.metalurgicafilipin.com.br\/index.php?rest_route=\/wp\/v2\/users\/1"}],"replies":[{"embeddable":true,"href":"https:\/\/antigo.metalurgicafilipin.com.br\/index.php?rest_route=%2Fwp%2Fv2%2Fcomments&post=30"}],"version-history":[{"count":6,"href":"https:\/\/antigo.metalurgicafilipin.com.br\/index.php?rest_route=\/wp\/v2\/pages\/30\/revisions"}],"predecessor-version":[{"id":116,"href":"https:\/\/antigo.metalurgicafilipin.com.br\/index.php?rest_route=\/wp\/v2\/pages\/30\/revisions\/116"}],"wp:attachment":[{"href":"https:\/\/antigo.metalurgicafilipin.com.br\/index.php?rest_route=%2Fwp%2Fv2%2Fmedia&parent=30"}],"curies":[{"name":"wp","href":"https:\/\/api.w.org\/{rel}","templated":true}]}}