{"id":32,"date":"2012-10-24T10:12:02","date_gmt":"2012-10-24T13:12:02","guid":{"rendered":"http:\/\/antigo.metalurgicafilipin.com.br\/novo\/?page_id=32"},"modified":"2012-12-11T09:03:21","modified_gmt":"2012-12-11T12:03:21","slug":"mezanino","status":"publish","type":"page","link":"https:\/\/antigo.metalurgicafilipin.com.br\/?page_id=32","title":{"rendered":"Mezanino"},"content":{"rendered":"<p>O mezanino \u00e9 a melhor alternativa para qualquer tipo de obra, permitindo o aproveitamento total do p\u00e9 direito do im\u00f3vel e possibilitando a ocupa\u00e7\u00e3o inteligente e otimizada dos espa\u00e7os dispon\u00edveis. O mezanino valoriza o estabelecimento e se integra perfeitamente a todos os estilos arquitet\u00f4nicos.<\/p>\n<p>[singlepic id=33 w=352]<\/p>\n<p>[nggallery id=7]<\/p>\n","protected":false},"excerpt":{"rendered":"<p>O mezanino \u00e9 a melhor alternativa para qualquer tipo de obra, permitindo o aproveitamento total do p\u00e9 direito do im\u00f3vel e possibilitando a ocupa\u00e7\u00e3o inteligente e otimizada dos espa\u00e7os dispon\u00edveis. O mezanino valoriza o estabelecimento e se integra perfeitamente a todos os estilos arquitet\u00f4nicos. [singlepic id=33 w=352] [nggallery id=7]<\/p>\n","protected":false},"author":1,"featured_media":0,"parent":0,"menu_order":0,"comment_status":"open","ping_status":"open","template":"","meta":[],"_links":{"self":[{"href":"https:\/\/antigo.metalurgicafilipin.com.br\/index.php?rest_route=\/wp\/v2\/pages\/32"}],"collection":[{"href":"https:\/\/antigo.metalurgicafilipin.com.br\/index.php?rest_route=\/wp\/v2\/pages"}],"about":[{"href":"https:\/\/antigo.metalurgicafilipin.com.br\/index.php?rest_route=\/wp\/v2\/types\/page"}],"author":[{"embeddable":true,"href":"https:\/\/antigo.metalurgicafilipin.com.br\/index.php?rest_route=\/wp\/v2\/users\/1"}],"replies":[{"embeddable":true,"href":"https:\/\/antigo.metalurgicafilipin.com.br\/index.php?rest_route=%2Fwp%2Fv2%2Fcomments&post=32"}],"version-history":[{"count":5,"href":"https:\/\/antigo.metalurgicafilipin.com.br\/index.php?rest_route=\/wp\/v2\/pages\/32\/revisions"}],"predecessor-version":[{"id":117,"href":"https:\/\/antigo.metalurgicafilipin.com.br\/index.php?rest_route=\/wp\/v2\/pages\/32\/revisions\/117"}],"wp:attachment":[{"href":"https:\/\/antigo.metalurgicafilipin.com.br\/index.php?rest_route=%2Fwp%2Fv2%2Fmedia&parent=32"}],"curies":[{"name":"wp","href":"https:\/\/api.w.org\/{rel}","templated":true}]}}