{"id":34,"date":"2012-10-24T10:12:21","date_gmt":"2012-10-24T13:12:21","guid":{"rendered":"http:\/\/antigo.metalurgicafilipin.com.br\/novo\/?page_id=34"},"modified":"2012-12-11T09:03:52","modified_gmt":"2012-12-11T12:03:52","slug":"paineis-termoacusticos","status":"publish","type":"page","link":"https:\/\/antigo.metalurgicafilipin.com.br\/?page_id=34","title":{"rendered":"Pain\u00e9is Termoac\u00fasticos"},"content":{"rendered":"<p>Tamb\u00e9m chamados de sandu\u00edches, constitu\u00eddos de duas camadas de concreto separadas por um material n\u00e3o estrutural com caracter\u00edsticas de isolante t\u00e9rmico e ac\u00fastico (EPS). Os pain\u00e9is possuem superf\u00edcie acabada, nas duas faces (interna e externa) com fun\u00e7\u00e3o de fechamento.<\/p>\n<p>[singlepic id=34 w=352]<\/p>\n<p>[nggallery id=8]<\/p>\n","protected":false},"excerpt":{"rendered":"<p>Tamb\u00e9m chamados de sandu\u00edches, constitu\u00eddos de duas camadas de concreto separadas por um material n\u00e3o estrutural com caracter\u00edsticas de isolante t\u00e9rmico e ac\u00fastico (EPS). Os pain\u00e9is possuem superf\u00edcie acabada, nas duas faces (interna e externa) com fun\u00e7\u00e3o de fechamento. [singlepic id=34 w=352] [nggallery id=8]<\/p>\n","protected":false},"author":1,"featured_media":0,"parent":0,"menu_order":0,"comment_status":"open","ping_status":"open","template":"","meta":[],"_links":{"self":[{"href":"https:\/\/antigo.metalurgicafilipin.com.br\/index.php?rest_route=\/wp\/v2\/pages\/34"}],"collection":[{"href":"https:\/\/antigo.metalurgicafilipin.com.br\/index.php?rest_route=\/wp\/v2\/pages"}],"about":[{"href":"https:\/\/antigo.metalurgicafilipin.com.br\/index.php?rest_route=\/wp\/v2\/types\/page"}],"author":[{"embeddable":true,"href":"https:\/\/antigo.metalurgicafilipin.com.br\/index.php?rest_route=\/wp\/v2\/users\/1"}],"replies":[{"embeddable":true,"href":"https:\/\/antigo.metalurgicafilipin.com.br\/index.php?rest_route=%2Fwp%2Fv2%2Fcomments&post=34"}],"version-history":[{"count":5,"href":"https:\/\/antigo.metalurgicafilipin.com.br\/index.php?rest_route=\/wp\/v2\/pages\/34\/revisions"}],"predecessor-version":[{"id":118,"href":"https:\/\/antigo.metalurgicafilipin.com.br\/index.php?rest_route=\/wp\/v2\/pages\/34\/revisions\/118"}],"wp:attachment":[{"href":"https:\/\/antigo.metalurgicafilipin.com.br\/index.php?rest_route=%2Fwp%2Fv2%2Fmedia&parent=34"}],"curies":[{"name":"wp","href":"https:\/\/api.w.org\/{rel}","templated":true}]}}