{"id":38,"date":"2012-10-24T10:12:59","date_gmt":"2012-10-24T13:12:59","guid":{"rendered":"http:\/\/antigo.metalurgicafilipin.com.br\/novo\/?page_id=38"},"modified":"2012-12-11T09:05:09","modified_gmt":"2012-12-11T12:05:09","slug":"porticos","status":"publish","type":"page","link":"https:\/\/antigo.metalurgicafilipin.com.br\/?page_id=38","title":{"rendered":"P\u00f3rticos"},"content":{"rendered":"<p>Compostos de pilares e tesouras de pr\u00e9-moldado, indicados para diversos tipos de obras, desde pavilh\u00f5es at\u00e9 edif\u00edcios.<\/p>\n<p>[singlepic id=40 w=352]<\/p>\n<p>[nggallery id=10]<\/p>\n","protected":false},"excerpt":{"rendered":"<p>Compostos de pilares e tesouras de pr\u00e9-moldado, indicados para diversos tipos de obras, desde pavilh\u00f5es at\u00e9 edif\u00edcios. [singlepic id=40 w=352] [nggallery id=10]<\/p>\n","protected":false},"author":1,"featured_media":0,"parent":0,"menu_order":0,"comment_status":"open","ping_status":"open","template":"","meta":[],"_links":{"self":[{"href":"https:\/\/antigo.metalurgicafilipin.com.br\/index.php?rest_route=\/wp\/v2\/pages\/38"}],"collection":[{"href":"https:\/\/antigo.metalurgicafilipin.com.br\/index.php?rest_route=\/wp\/v2\/pages"}],"about":[{"href":"https:\/\/antigo.metalurgicafilipin.com.br\/index.php?rest_route=\/wp\/v2\/types\/page"}],"author":[{"embeddable":true,"href":"https:\/\/antigo.metalurgicafilipin.com.br\/index.php?rest_route=\/wp\/v2\/users\/1"}],"replies":[{"embeddable":true,"href":"https:\/\/antigo.metalurgicafilipin.com.br\/index.php?rest_route=%2Fwp%2Fv2%2Fcomments&post=38"}],"version-history":[{"count":5,"href":"https:\/\/antigo.metalurgicafilipin.com.br\/index.php?rest_route=\/wp\/v2\/pages\/38\/revisions"}],"predecessor-version":[{"id":120,"href":"https:\/\/antigo.metalurgicafilipin.com.br\/index.php?rest_route=\/wp\/v2\/pages\/38\/revisions\/120"}],"wp:attachment":[{"href":"https:\/\/antigo.metalurgicafilipin.com.br\/index.php?rest_route=%2Fwp%2Fv2%2Fmedia&parent=38"}],"curies":[{"name":"wp","href":"https:\/\/api.w.org\/{rel}","templated":true}]}}