{"id":40,"date":"2012-10-24T10:13:13","date_gmt":"2012-10-24T13:13:13","guid":{"rendered":"http:\/\/antigo.metalurgicafilipin.com.br\/novo\/?page_id=40"},"modified":"2012-12-17T09:50:47","modified_gmt":"2012-12-17T12:50:47","slug":"escadas","status":"publish","type":"page","link":"https:\/\/antigo.metalurgicafilipin.com.br\/?page_id=40","title":{"rendered":"Escadas"},"content":{"rendered":"<p>As escadas pr\u00e9-fabricadas s\u00e3o do tipo laje-escadas, que se caracterizam por terem um acabamento em sua face inferior sem juntas de pe\u00e7as ou arremates indesej\u00e1veis. S\u00e3o montadas rapidamente, evitando transtornos como degraus e alturas de bases diferentes, desn\u00edveis, etc. Possuem dimens\u00f5es conforme o projeto.<\/p>\n<p>[singlepic id=119 w=352]<\/p>\n<p>[nggallery id=11]<\/p>\n","protected":false},"excerpt":{"rendered":"<p>As escadas pr\u00e9-fabricadas s\u00e3o do tipo laje-escadas, que se caracterizam por terem um acabamento em sua face inferior sem juntas de pe\u00e7as ou arremates indesej\u00e1veis. S\u00e3o montadas rapidamente, evitando transtornos como degraus e alturas de bases diferentes, desn\u00edveis, etc. Possuem dimens\u00f5es conforme o projeto. [singlepic id=119 w=352] [nggallery id=11]<\/p>\n","protected":false},"author":1,"featured_media":0,"parent":0,"menu_order":0,"comment_status":"open","ping_status":"open","template":"","meta":[],"_links":{"self":[{"href":"https:\/\/antigo.metalurgicafilipin.com.br\/index.php?rest_route=\/wp\/v2\/pages\/40"}],"collection":[{"href":"https:\/\/antigo.metalurgicafilipin.com.br\/index.php?rest_route=\/wp\/v2\/pages"}],"about":[{"href":"https:\/\/antigo.metalurgicafilipin.com.br\/index.php?rest_route=\/wp\/v2\/types\/page"}],"author":[{"embeddable":true,"href":"https:\/\/antigo.metalurgicafilipin.com.br\/index.php?rest_route=\/wp\/v2\/users\/1"}],"replies":[{"embeddable":true,"href":"https:\/\/antigo.metalurgicafilipin.com.br\/index.php?rest_route=%2Fwp%2Fv2%2Fcomments&post=40"}],"version-history":[{"count":7,"href":"https:\/\/antigo.metalurgicafilipin.com.br\/index.php?rest_route=\/wp\/v2\/pages\/40\/revisions"}],"predecessor-version":[{"id":70,"href":"https:\/\/antigo.metalurgicafilipin.com.br\/index.php?rest_route=\/wp\/v2\/pages\/40\/revisions\/70"}],"wp:attachment":[{"href":"https:\/\/antigo.metalurgicafilipin.com.br\/index.php?rest_route=%2Fwp%2Fv2%2Fmedia&parent=40"}],"curies":[{"name":"wp","href":"https:\/\/api.w.org\/{rel}","templated":true}]}}